{"id":111793,"date":"2026-04-01T11:50:15","date_gmt":"2026-04-01T09:50:15","guid":{"rendered":"https:\/\/www.infinityboutique.com\/?post_type=product&#038;p=111793"},"modified":"2026-04-02T09:08:14","modified_gmt":"2026-04-02T07:08:14","slug":"decollete-prada-in-saffiano","status":"publish","type":"product","link":"https:\/\/www.infinityboutique.com\/en\/boutique\/decollete-prada-in-saffiano\/","title":{"rendered":"D\u00e8collet\u00e8 Prada in saffiano"},"content":{"rendered":"<p>Scarpa firmata Prada , modello D\u00e9collet\u00e9 in saffiano , colore beige<\/p>\n<p>Altezza tacco : 9 cm<\/p>\n<p>Non presentano corredo<\/p>\n","protected":false},"excerpt":{"rendered":"<p>Scarpa firmata Prada , modello D\u00e9collet\u00e9 in saffiano , colore beige Altezza tacco : 9 cm Non presentano corredo<\/p>\n","protected":false},"featured_media":111836,"template":"","meta":{"_joinchat":[]},"product_brand":[],"product_cat":[33],"product_tag":[],"class_list":{"0":"post-111793","1":"product","2":"type-product","3":"status-publish","4":"has-post-thumbnail","6":"product_cat-accessori","8":"first","9":"instock","10":"sold-individually","11":"shipping-taxable","12":"purchasable","13":"product-type-simple","14":"add-to-wishlist-after_add_to_cart"},"yoast_head":"<!-- This site is optimized with the Yoast SEO plugin v27.3 - https:\/\/yoast.com\/product\/yoast-seo-wordpress\/ -->\n<title>D\u00e8collet\u00e8 Prada in saffiano &#183; Infinity Boutique<\/title>\n<meta name=\"robots\" content=\"index, follow, max-snippet:-1, max-image-preview:large, max-video-preview:-1\" \/>\n<link rel=\"canonical\" href=\"https:\/\/www.infinityboutique.com\/en\/boutique\/decollete-prada-in-saffiano\/\" \/>\n<meta property=\"og:locale\" content=\"en_US\" \/>\n<meta property=\"og:type\" content=\"article\" \/>\n<meta property=\"og:title\" content=\"D\u00e8collet\u00e8 Prada in saffiano &#183; Infinity Boutique\" \/>\n<meta property=\"og:description\" content=\"Scarpa firmata Prada , modello D\u00e9collet\u00e9 in saffiano , colore beige Altezza tacco : 9 cm Non presentano corredo\" \/>\n<meta property=\"og:url\" content=\"https:\/\/www.infinityboutique.com\/en\/boutique\/decollete-prada-in-saffiano\/\" \/>\n<meta property=\"og:site_name\" content=\"Infinity Boutique\" \/>\n<meta property=\"article:modified_time\" content=\"2026-04-02T07:08:14+00:00\" \/>\n<meta property=\"og:image\" content=\"https:\/\/www.infinityboutique.com\/wp-content\/uploads\/2026\/04\/896f0900-4584-4c7f-9684-f93380a9b571-1.jpeg\" \/>\n\t<meta property=\"og:image:width\" content=\"1600\" \/>\n\t<meta property=\"og:image:height\" content=\"1600\" \/>\n\t<meta property=\"og:image:type\" content=\"image\/jpeg\" \/>\n<meta name=\"twitter:card\" content=\"summary_large_image\" \/>\n<script type=\"application\/ld+json\" class=\"yoast-schema-graph\">{\"@context\":\"https:\\\/\\\/schema.org\",\"@graph\":[{\"@type\":\"WebPage\",\"@id\":\"https:\\\/\\\/www.infinityboutique.com\\\/en\\\/boutique\\\/decollete-prada-in-saffiano\\\/\",\"url\":\"https:\\\/\\\/www.infinityboutique.com\\\/en\\\/boutique\\\/decollete-prada-in-saffiano\\\/\",\"name\":\"D\u00e8collet\u00e8 Prada in saffiano &#183; Infinity Boutique\",\"isPartOf\":{\"@id\":\"https:\\\/\\\/www.infinityboutique.com\\\/en\\\/#website\"},\"primaryImageOfPage\":{\"@id\":\"https:\\\/\\\/www.infinityboutique.com\\\/en\\\/boutique\\\/decollete-prada-in-saffiano\\\/#primaryimage\"},\"image\":{\"@id\":\"https:\\\/\\\/www.infinityboutique.com\\\/en\\\/boutique\\\/decollete-prada-in-saffiano\\\/#primaryimage\"},\"thumbnailUrl\":\"https:\\\/\\\/www.infinityboutique.com\\\/wp-content\\\/uploads\\\/2026\\\/04\\\/896f0900-4584-4c7f-9684-f93380a9b571-1.jpeg\",\"datePublished\":\"2026-04-01T09:50:15+00:00\",\"dateModified\":\"2026-04-02T07:08:14+00:00\",\"breadcrumb\":{\"@id\":\"https:\\\/\\\/www.infinityboutique.com\\\/en\\\/boutique\\\/decollete-prada-in-saffiano\\\/#breadcrumb\"},\"inLanguage\":\"en-US\",\"potentialAction\":[{\"@type\":\"ReadAction\",\"target\":[\"https:\\\/\\\/www.infinityboutique.com\\\/en\\\/boutique\\\/decollete-prada-in-saffiano\\\/\"]}]},{\"@type\":\"ImageObject\",\"inLanguage\":\"en-US\",\"@id\":\"https:\\\/\\\/www.infinityboutique.com\\\/en\\\/boutique\\\/decollete-prada-in-saffiano\\\/#primaryimage\",\"url\":\"https:\\\/\\\/www.infinityboutique.com\\\/wp-content\\\/uploads\\\/2026\\\/04\\\/896f0900-4584-4c7f-9684-f93380a9b571-1.jpeg\",\"contentUrl\":\"https:\\\/\\\/www.infinityboutique.com\\\/wp-content\\\/uploads\\\/2026\\\/04\\\/896f0900-4584-4c7f-9684-f93380a9b571-1.jpeg\",\"width\":1600,\"height\":1600},{\"@type\":\"BreadcrumbList\",\"@id\":\"https:\\\/\\\/www.infinityboutique.com\\\/en\\\/boutique\\\/decollete-prada-in-saffiano\\\/#breadcrumb\",\"itemListElement\":[{\"@type\":\"ListItem\",\"position\":1,\"name\":\"Home\",\"item\":\"https:\\\/\\\/www.infinityboutique.com\\\/en\\\/\"},{\"@type\":\"ListItem\",\"position\":2,\"name\":\"Shop\",\"item\":\"https:\\\/\\\/www.infinityboutique.com\\\/en\\\/shop\\\/\"},{\"@type\":\"ListItem\",\"position\":3,\"name\":\"D\u00e8collet\u00e8 Prada in saffiano\"}]},{\"@type\":\"WebSite\",\"@id\":\"https:\\\/\\\/www.infinityboutique.com\\\/en\\\/#website\",\"url\":\"https:\\\/\\\/www.infinityboutique.com\\\/en\\\/\",\"name\":\"Infinity Boutique\",\"description\":\"Second Hand Luxury Watches and Handbags\",\"publisher\":{\"@id\":\"https:\\\/\\\/www.infinityboutique.com\\\/en\\\/#organization\"},\"potentialAction\":[{\"@type\":\"SearchAction\",\"target\":{\"@type\":\"EntryPoint\",\"urlTemplate\":\"https:\\\/\\\/www.infinityboutique.com\\\/en\\\/?s={search_term_string}\"},\"query-input\":{\"@type\":\"PropertyValueSpecification\",\"valueRequired\":true,\"valueName\":\"search_term_string\"}}],\"inLanguage\":\"en-US\"},{\"@type\":\"Organization\",\"@id\":\"https:\\\/\\\/www.infinityboutique.com\\\/en\\\/#organization\",\"name\":\"Infinity Boutique\",\"url\":\"https:\\\/\\\/www.infinityboutique.com\\\/en\\\/\",\"logo\":{\"@type\":\"ImageObject\",\"inLanguage\":\"en-US\",\"@id\":\"https:\\\/\\\/www.infinityboutique.com\\\/en\\\/#\\\/schema\\\/logo\\\/image\\\/\",\"url\":\"https:\\\/\\\/www.infinityboutique.com\\\/wp-content\\\/uploads\\\/2025\\\/04\\\/favicon.png\",\"contentUrl\":\"https:\\\/\\\/www.infinityboutique.com\\\/wp-content\\\/uploads\\\/2025\\\/04\\\/favicon.png\",\"width\":512,\"height\":512,\"caption\":\"Infinity Boutique\"},\"image\":{\"@id\":\"https:\\\/\\\/www.infinityboutique.com\\\/en\\\/#\\\/schema\\\/logo\\\/image\\\/\"},\"sameAs\":[\"https:\\\/\\\/www.instagram.com\\\/infinityboutiquetaormina\\\/\"]}]}<\/script>\n<!-- \/ Yoast SEO plugin. -->","yoast_head_json":{"title":"D\u00e8collet\u00e8 Prada in saffiano &#183; Infinity Boutique","robots":{"index":"index","follow":"follow","max-snippet":"max-snippet:-1","max-image-preview":"max-image-preview:large","max-video-preview":"max-video-preview:-1"},"canonical":"https:\/\/www.infinityboutique.com\/en\/boutique\/decollete-prada-in-saffiano\/","og_locale":"en_US","og_type":"article","og_title":"D\u00e8collet\u00e8 Prada in saffiano &#183; Infinity Boutique","og_description":"Scarpa firmata Prada , modello D\u00e9collet\u00e9 in saffiano , colore beige Altezza tacco : 9 cm Non presentano corredo","og_url":"https:\/\/www.infinityboutique.com\/en\/boutique\/decollete-prada-in-saffiano\/","og_site_name":"Infinity Boutique","article_modified_time":"2026-04-02T07:08:14+00:00","og_image":[{"width":1600,"height":1600,"url":"https:\/\/www.infinityboutique.com\/wp-content\/uploads\/2026\/04\/896f0900-4584-4c7f-9684-f93380a9b571-1.jpeg","type":"image\/jpeg"}],"twitter_card":"summary_large_image","schema":{"@context":"https:\/\/schema.org","@graph":[{"@type":"WebPage","@id":"https:\/\/www.infinityboutique.com\/en\/boutique\/decollete-prada-in-saffiano\/","url":"https:\/\/www.infinityboutique.com\/en\/boutique\/decollete-prada-in-saffiano\/","name":"D\u00e8collet\u00e8 Prada in saffiano &#183; Infinity Boutique","isPartOf":{"@id":"https:\/\/www.infinityboutique.com\/en\/#website"},"primaryImageOfPage":{"@id":"https:\/\/www.infinityboutique.com\/en\/boutique\/decollete-prada-in-saffiano\/#primaryimage"},"image":{"@id":"https:\/\/www.infinityboutique.com\/en\/boutique\/decollete-prada-in-saffiano\/#primaryimage"},"thumbnailUrl":"https:\/\/www.infinityboutique.com\/wp-content\/uploads\/2026\/04\/896f0900-4584-4c7f-9684-f93380a9b571-1.jpeg","datePublished":"2026-04-01T09:50:15+00:00","dateModified":"2026-04-02T07:08:14+00:00","breadcrumb":{"@id":"https:\/\/www.infinityboutique.com\/en\/boutique\/decollete-prada-in-saffiano\/#breadcrumb"},"inLanguage":"en-US","potentialAction":[{"@type":"ReadAction","target":["https:\/\/www.infinityboutique.com\/en\/boutique\/decollete-prada-in-saffiano\/"]}]},{"@type":"ImageObject","inLanguage":"en-US","@id":"https:\/\/www.infinityboutique.com\/en\/boutique\/decollete-prada-in-saffiano\/#primaryimage","url":"https:\/\/www.infinityboutique.com\/wp-content\/uploads\/2026\/04\/896f0900-4584-4c7f-9684-f93380a9b571-1.jpeg","contentUrl":"https:\/\/www.infinityboutique.com\/wp-content\/uploads\/2026\/04\/896f0900-4584-4c7f-9684-f93380a9b571-1.jpeg","width":1600,"height":1600},{"@type":"BreadcrumbList","@id":"https:\/\/www.infinityboutique.com\/en\/boutique\/decollete-prada-in-saffiano\/#breadcrumb","itemListElement":[{"@type":"ListItem","position":1,"name":"Home","item":"https:\/\/www.infinityboutique.com\/en\/"},{"@type":"ListItem","position":2,"name":"Shop","item":"https:\/\/www.infinityboutique.com\/en\/shop\/"},{"@type":"ListItem","position":3,"name":"D\u00e8collet\u00e8 Prada in saffiano"}]},{"@type":"WebSite","@id":"https:\/\/www.infinityboutique.com\/en\/#website","url":"https:\/\/www.infinityboutique.com\/en\/","name":"Infinity Boutique","description":"Second Hand Luxury Watches and Handbags","publisher":{"@id":"https:\/\/www.infinityboutique.com\/en\/#organization"},"potentialAction":[{"@type":"SearchAction","target":{"@type":"EntryPoint","urlTemplate":"https:\/\/www.infinityboutique.com\/en\/?s={search_term_string}"},"query-input":{"@type":"PropertyValueSpecification","valueRequired":true,"valueName":"search_term_string"}}],"inLanguage":"en-US"},{"@type":"Organization","@id":"https:\/\/www.infinityboutique.com\/en\/#organization","name":"Infinity Boutique","url":"https:\/\/www.infinityboutique.com\/en\/","logo":{"@type":"ImageObject","inLanguage":"en-US","@id":"https:\/\/www.infinityboutique.com\/en\/#\/schema\/logo\/image\/","url":"https:\/\/www.infinityboutique.com\/wp-content\/uploads\/2025\/04\/favicon.png","contentUrl":"https:\/\/www.infinityboutique.com\/wp-content\/uploads\/2025\/04\/favicon.png","width":512,"height":512,"caption":"Infinity Boutique"},"image":{"@id":"https:\/\/www.infinityboutique.com\/en\/#\/schema\/logo\/image\/"},"sameAs":["https:\/\/www.instagram.com\/infinityboutiquetaormina\/"]}]}},"jetpack_sharing_enabled":true,"_links":{"self":[{"href":"https:\/\/www.infinityboutique.com\/en\/wp-json\/wp\/v2\/product\/111793","targetHints":{"allow":["GET"]}}],"collection":[{"href":"https:\/\/www.infinityboutique.com\/en\/wp-json\/wp\/v2\/product"}],"about":[{"href":"https:\/\/www.infinityboutique.com\/en\/wp-json\/wp\/v2\/types\/product"}],"wp:featuredmedia":[{"embeddable":true,"href":"https:\/\/www.infinityboutique.com\/en\/wp-json\/wp\/v2\/media\/111836"}],"wp:attachment":[{"href":"https:\/\/www.infinityboutique.com\/en\/wp-json\/wp\/v2\/media?parent=111793"}],"wp:term":[{"taxonomy":"product_brand","embeddable":true,"href":"https:\/\/www.infinityboutique.com\/en\/wp-json\/wp\/v2\/product_brand?post=111793"},{"taxonomy":"product_cat","embeddable":true,"href":"https:\/\/www.infinityboutique.com\/en\/wp-json\/wp\/v2\/product_cat?post=111793"},{"taxonomy":"product_tag","embeddable":true,"href":"https:\/\/www.infinityboutique.com\/en\/wp-json\/wp\/v2\/product_tag?post=111793"}],"curies":[{"name":"wp","href":"https:\/\/api.w.org\/{rel}","templated":true}]}}