{"id":106993,"date":"2025-06-19T15:02:27","date_gmt":"2025-06-19T13:02:27","guid":{"rendered":"https:\/\/staging.infinityboutique.com\/boutique\/106993\/"},"modified":"2025-06-19T15:03:58","modified_gmt":"2025-06-19T13:03:58","slug":"decollete-saint-laurent","status":"publish","type":"product","link":"https:\/\/www.infinityboutique.com\/en\/boutique\/decollete-saint-laurent\/","title":{"rendered":"D\u00e9collet\u00e9 Saint Laurent"},"content":{"rendered":"<p>Saint Laurent d\u00e9collet\u00e9, Opyum model, made of patent leather and calfskin, with structured heel with metal YSL initials and deep upper, the heel height is 11 cm, sole made of leather. Item size N. 38 EU. The item will be delivered with original box and dustbag.<\/p>\n","protected":false},"excerpt":{"rendered":"<p>Saint Laurent d\u00e9collet\u00e9, Opyum model, made of patent leather and calfskin, with structured heel with metal YSL initials and deep [&hellip;]<\/p>\n","protected":false},"featured_media":106758,"template":"","meta":{"_joinchat":[]},"product_brand":[],"product_cat":[115],"product_tag":[],"class_list":{"0":"post-106993","1":"product","2":"type-product","3":"status-publish","4":"has-post-thumbnail","6":"product_cat-accessories","8":"first","9":"instock","10":"sold-individually","11":"purchasable","12":"product-type-simple","13":"add-to-wishlist-after_add_to_cart"},"yoast_head":"<!-- This site is optimized with the Yoast SEO plugin v27.3 - https:\/\/yoast.com\/product\/yoast-seo-wordpress\/ -->\n<title>D\u00e9collet\u00e9 Saint Laurent &#183; Infinity Boutique<\/title>\n<meta name=\"robots\" content=\"index, follow, max-snippet:-1, max-image-preview:large, max-video-preview:-1\" \/>\n<link rel=\"canonical\" href=\"https:\/\/www.infinityboutique.com\/en\/boutique\/decollete-saint-laurent\/\" \/>\n<meta property=\"og:locale\" content=\"en_US\" \/>\n<meta property=\"og:type\" content=\"article\" \/>\n<meta property=\"og:title\" content=\"D\u00e9collet\u00e9 Saint Laurent &#183; Infinity Boutique\" \/>\n<meta property=\"og:description\" content=\"Saint Laurent d\u00e9collet\u00e9, Opyum model, made of patent leather and calfskin, with structured heel with metal YSL initials and deep [&hellip;]\" \/>\n<meta property=\"og:url\" content=\"https:\/\/www.infinityboutique.com\/en\/boutique\/decollete-saint-laurent\/\" \/>\n<meta property=\"og:site_name\" content=\"Infinity Boutique\" \/>\n<meta property=\"article:modified_time\" content=\"2025-06-19T13:03:58+00:00\" \/>\n<meta property=\"og:image\" content=\"https:\/\/www.infinityboutique.com\/wp-content\/uploads\/2025\/03\/Opyum01.jpg\" \/>\n\t<meta property=\"og:image:width\" content=\"1600\" \/>\n\t<meta property=\"og:image:height\" content=\"1600\" \/>\n\t<meta property=\"og:image:type\" content=\"image\/jpeg\" \/>\n<meta name=\"twitter:card\" content=\"summary_large_image\" \/>\n<script type=\"application\/ld+json\" class=\"yoast-schema-graph\">{\"@context\":\"https:\\\/\\\/schema.org\",\"@graph\":[{\"@type\":\"WebPage\",\"@id\":\"https:\\\/\\\/www.infinityboutique.com\\\/en\\\/boutique\\\/decollete-saint-laurent\\\/\",\"url\":\"https:\\\/\\\/www.infinityboutique.com\\\/en\\\/boutique\\\/decollete-saint-laurent\\\/\",\"name\":\"D\u00e9collet\u00e9 Saint Laurent &#183; Infinity Boutique\",\"isPartOf\":{\"@id\":\"https:\\\/\\\/www.infinityboutique.com\\\/en\\\/#website\"},\"primaryImageOfPage\":{\"@id\":\"https:\\\/\\\/www.infinityboutique.com\\\/en\\\/boutique\\\/decollete-saint-laurent\\\/#primaryimage\"},\"image\":{\"@id\":\"https:\\\/\\\/www.infinityboutique.com\\\/en\\\/boutique\\\/decollete-saint-laurent\\\/#primaryimage\"},\"thumbnailUrl\":\"https:\\\/\\\/www.infinityboutique.com\\\/wp-content\\\/uploads\\\/2025\\\/03\\\/Opyum01.jpg\",\"datePublished\":\"2025-06-19T13:02:27+00:00\",\"dateModified\":\"2025-06-19T13:03:58+00:00\",\"breadcrumb\":{\"@id\":\"https:\\\/\\\/www.infinityboutique.com\\\/en\\\/boutique\\\/decollete-saint-laurent\\\/#breadcrumb\"},\"inLanguage\":\"en-US\",\"potentialAction\":[{\"@type\":\"ReadAction\",\"target\":[\"https:\\\/\\\/www.infinityboutique.com\\\/en\\\/boutique\\\/decollete-saint-laurent\\\/\"]}]},{\"@type\":\"ImageObject\",\"inLanguage\":\"en-US\",\"@id\":\"https:\\\/\\\/www.infinityboutique.com\\\/en\\\/boutique\\\/decollete-saint-laurent\\\/#primaryimage\",\"url\":\"https:\\\/\\\/www.infinityboutique.com\\\/wp-content\\\/uploads\\\/2025\\\/03\\\/Opyum01.jpg\",\"contentUrl\":\"https:\\\/\\\/www.infinityboutique.com\\\/wp-content\\\/uploads\\\/2025\\\/03\\\/Opyum01.jpg\",\"width\":1600,\"height\":1600},{\"@type\":\"BreadcrumbList\",\"@id\":\"https:\\\/\\\/www.infinityboutique.com\\\/en\\\/boutique\\\/decollete-saint-laurent\\\/#breadcrumb\",\"itemListElement\":[{\"@type\":\"ListItem\",\"position\":1,\"name\":\"Home\",\"item\":\"https:\\\/\\\/www.infinityboutique.com\\\/en\\\/\"},{\"@type\":\"ListItem\",\"position\":2,\"name\":\"Shop\",\"item\":\"https:\\\/\\\/www.infinityboutique.com\\\/en\\\/shop\\\/\"},{\"@type\":\"ListItem\",\"position\":3,\"name\":\"D\u00e9collet\u00e9 Saint Laurent\"}]},{\"@type\":\"WebSite\",\"@id\":\"https:\\\/\\\/www.infinityboutique.com\\\/en\\\/#website\",\"url\":\"https:\\\/\\\/www.infinityboutique.com\\\/en\\\/\",\"name\":\"Infinity Boutique\",\"description\":\"Second Hand Luxury Watches and Handbags\",\"publisher\":{\"@id\":\"https:\\\/\\\/www.infinityboutique.com\\\/en\\\/#organization\"},\"potentialAction\":[{\"@type\":\"SearchAction\",\"target\":{\"@type\":\"EntryPoint\",\"urlTemplate\":\"https:\\\/\\\/www.infinityboutique.com\\\/en\\\/?s={search_term_string}\"},\"query-input\":{\"@type\":\"PropertyValueSpecification\",\"valueRequired\":true,\"valueName\":\"search_term_string\"}}],\"inLanguage\":\"en-US\"},{\"@type\":\"Organization\",\"@id\":\"https:\\\/\\\/www.infinityboutique.com\\\/en\\\/#organization\",\"name\":\"Infinity Boutique\",\"url\":\"https:\\\/\\\/www.infinityboutique.com\\\/en\\\/\",\"logo\":{\"@type\":\"ImageObject\",\"inLanguage\":\"en-US\",\"@id\":\"https:\\\/\\\/www.infinityboutique.com\\\/en\\\/#\\\/schema\\\/logo\\\/image\\\/\",\"url\":\"https:\\\/\\\/www.infinityboutique.com\\\/wp-content\\\/uploads\\\/2025\\\/04\\\/favicon.png\",\"contentUrl\":\"https:\\\/\\\/www.infinityboutique.com\\\/wp-content\\\/uploads\\\/2025\\\/04\\\/favicon.png\",\"width\":512,\"height\":512,\"caption\":\"Infinity Boutique\"},\"image\":{\"@id\":\"https:\\\/\\\/www.infinityboutique.com\\\/en\\\/#\\\/schema\\\/logo\\\/image\\\/\"},\"sameAs\":[\"https:\\\/\\\/www.instagram.com\\\/infinityboutiquetaormina\\\/\"]}]}<\/script>\n<!-- \/ Yoast SEO plugin. -->","yoast_head_json":{"title":"D\u00e9collet\u00e9 Saint Laurent &#183; Infinity Boutique","robots":{"index":"index","follow":"follow","max-snippet":"max-snippet:-1","max-image-preview":"max-image-preview:large","max-video-preview":"max-video-preview:-1"},"canonical":"https:\/\/www.infinityboutique.com\/en\/boutique\/decollete-saint-laurent\/","og_locale":"en_US","og_type":"article","og_title":"D\u00e9collet\u00e9 Saint Laurent &#183; Infinity Boutique","og_description":"Saint Laurent d\u00e9collet\u00e9, Opyum model, made of patent leather and calfskin, with structured heel with metal YSL initials and deep [&hellip;]","og_url":"https:\/\/www.infinityboutique.com\/en\/boutique\/decollete-saint-laurent\/","og_site_name":"Infinity Boutique","article_modified_time":"2025-06-19T13:03:58+00:00","og_image":[{"width":1600,"height":1600,"url":"https:\/\/www.infinityboutique.com\/wp-content\/uploads\/2025\/03\/Opyum01.jpg","type":"image\/jpeg"}],"twitter_card":"summary_large_image","schema":{"@context":"https:\/\/schema.org","@graph":[{"@type":"WebPage","@id":"https:\/\/www.infinityboutique.com\/en\/boutique\/decollete-saint-laurent\/","url":"https:\/\/www.infinityboutique.com\/en\/boutique\/decollete-saint-laurent\/","name":"D\u00e9collet\u00e9 Saint Laurent &#183; Infinity Boutique","isPartOf":{"@id":"https:\/\/www.infinityboutique.com\/en\/#website"},"primaryImageOfPage":{"@id":"https:\/\/www.infinityboutique.com\/en\/boutique\/decollete-saint-laurent\/#primaryimage"},"image":{"@id":"https:\/\/www.infinityboutique.com\/en\/boutique\/decollete-saint-laurent\/#primaryimage"},"thumbnailUrl":"https:\/\/www.infinityboutique.com\/wp-content\/uploads\/2025\/03\/Opyum01.jpg","datePublished":"2025-06-19T13:02:27+00:00","dateModified":"2025-06-19T13:03:58+00:00","breadcrumb":{"@id":"https:\/\/www.infinityboutique.com\/en\/boutique\/decollete-saint-laurent\/#breadcrumb"},"inLanguage":"en-US","potentialAction":[{"@type":"ReadAction","target":["https:\/\/www.infinityboutique.com\/en\/boutique\/decollete-saint-laurent\/"]}]},{"@type":"ImageObject","inLanguage":"en-US","@id":"https:\/\/www.infinityboutique.com\/en\/boutique\/decollete-saint-laurent\/#primaryimage","url":"https:\/\/www.infinityboutique.com\/wp-content\/uploads\/2025\/03\/Opyum01.jpg","contentUrl":"https:\/\/www.infinityboutique.com\/wp-content\/uploads\/2025\/03\/Opyum01.jpg","width":1600,"height":1600},{"@type":"BreadcrumbList","@id":"https:\/\/www.infinityboutique.com\/en\/boutique\/decollete-saint-laurent\/#breadcrumb","itemListElement":[{"@type":"ListItem","position":1,"name":"Home","item":"https:\/\/www.infinityboutique.com\/en\/"},{"@type":"ListItem","position":2,"name":"Shop","item":"https:\/\/www.infinityboutique.com\/en\/shop\/"},{"@type":"ListItem","position":3,"name":"D\u00e9collet\u00e9 Saint Laurent"}]},{"@type":"WebSite","@id":"https:\/\/www.infinityboutique.com\/en\/#website","url":"https:\/\/www.infinityboutique.com\/en\/","name":"Infinity Boutique","description":"Second Hand Luxury Watches and Handbags","publisher":{"@id":"https:\/\/www.infinityboutique.com\/en\/#organization"},"potentialAction":[{"@type":"SearchAction","target":{"@type":"EntryPoint","urlTemplate":"https:\/\/www.infinityboutique.com\/en\/?s={search_term_string}"},"query-input":{"@type":"PropertyValueSpecification","valueRequired":true,"valueName":"search_term_string"}}],"inLanguage":"en-US"},{"@type":"Organization","@id":"https:\/\/www.infinityboutique.com\/en\/#organization","name":"Infinity Boutique","url":"https:\/\/www.infinityboutique.com\/en\/","logo":{"@type":"ImageObject","inLanguage":"en-US","@id":"https:\/\/www.infinityboutique.com\/en\/#\/schema\/logo\/image\/","url":"https:\/\/www.infinityboutique.com\/wp-content\/uploads\/2025\/04\/favicon.png","contentUrl":"https:\/\/www.infinityboutique.com\/wp-content\/uploads\/2025\/04\/favicon.png","width":512,"height":512,"caption":"Infinity Boutique"},"image":{"@id":"https:\/\/www.infinityboutique.com\/en\/#\/schema\/logo\/image\/"},"sameAs":["https:\/\/www.instagram.com\/infinityboutiquetaormina\/"]}]}},"jetpack_sharing_enabled":true,"_links":{"self":[{"href":"https:\/\/www.infinityboutique.com\/en\/wp-json\/wp\/v2\/product\/106993","targetHints":{"allow":["GET"]}}],"collection":[{"href":"https:\/\/www.infinityboutique.com\/en\/wp-json\/wp\/v2\/product"}],"about":[{"href":"https:\/\/www.infinityboutique.com\/en\/wp-json\/wp\/v2\/types\/product"}],"wp:featuredmedia":[{"embeddable":true,"href":"https:\/\/www.infinityboutique.com\/en\/wp-json\/wp\/v2\/media\/106758"}],"wp:attachment":[{"href":"https:\/\/www.infinityboutique.com\/en\/wp-json\/wp\/v2\/media?parent=106993"}],"wp:term":[{"taxonomy":"product_brand","embeddable":true,"href":"https:\/\/www.infinityboutique.com\/en\/wp-json\/wp\/v2\/product_brand?post=106993"},{"taxonomy":"product_cat","embeddable":true,"href":"https:\/\/www.infinityboutique.com\/en\/wp-json\/wp\/v2\/product_cat?post=106993"},{"taxonomy":"product_tag","embeddable":true,"href":"https:\/\/www.infinityboutique.com\/en\/wp-json\/wp\/v2\/product_tag?post=106993"}],"curies":[{"name":"wp","href":"https:\/\/api.w.org\/{rel}","templated":true}]}}